{"id":796,"date":"2020-12-17T14:08:53","date_gmt":"2020-12-17T13:08:53","guid":{"rendered":"http:\/\/shop.clairdereve.com\/?post_type=product&#038;p=796"},"modified":"2025-09-04T11:11:38","modified_gmt":"2025-09-04T09:11:38","slug":"cuisinier","status":"publish","type":"product","link":"https:\/\/shop.clairdereve.com\/en\/boutique\/cuisinier\/","title":{"rendered":"Cuisinier"},"content":{"rendered":"<p><strong>Cuisinier. S\u00e9rie limit\u00e9e num\u00e9rot\u00e9e.<\/strong><\/p>\n<p><em>24cm<br \/>\n<\/em><\/p>\n","protected":false},"excerpt":{"rendered":"Cuisinier. S\u00e9rie limit\u00e9e num\u00e9rot\u00e9e. 24cm","protected":false},"featured_media":682,"template":"","meta":[],"product_cat":[19,24],"product_tag":[],"_links":{"self":[{"href":"https:\/\/shop.clairdereve.com\/en\/wp-json\/wp\/v2\/product\/796"}],"collection":[{"href":"https:\/\/shop.clairdereve.com\/en\/wp-json\/wp\/v2\/product"}],"about":[{"href":"https:\/\/shop.clairdereve.com\/en\/wp-json\/wp\/v2\/types\/product"}],"version-history":[{"count":3,"href":"https:\/\/shop.clairdereve.com\/en\/wp-json\/wp\/v2\/product\/796\/revisions"}],"predecessor-version":[{"id":2872,"href":"https:\/\/shop.clairdereve.com\/en\/wp-json\/wp\/v2\/product\/796\/revisions\/2872"}],"wp:featuredmedia":[{"embeddable":true,"href":"https:\/\/shop.clairdereve.com\/en\/wp-json\/wp\/v2\/media\/682"}],"wp:attachment":[{"href":"https:\/\/shop.clairdereve.com\/en\/wp-json\/wp\/v2\/media?parent=796"}],"wp:term":[{"taxonomy":"product_cat","embeddable":true,"href":"https:\/\/shop.clairdereve.com\/en\/wp-json\/wp\/v2\/product_cat?post=796"},{"taxonomy":"product_tag","embeddable":true,"href":"https:\/\/shop.clairdereve.com\/en\/wp-json\/wp\/v2\/product_tag?post=796"}],"curies":[{"name":"wp","href":"https:\/\/api.w.org\/{rel}","templated":true}]}}