{"id":779,"date":"2020-12-17T13:58:06","date_gmt":"2020-12-17T12:58:06","guid":{"rendered":"http:\/\/shop.clairdereve.com\/?post_type=product&#038;p=779"},"modified":"2025-07-30T16:25:21","modified_gmt":"2025-07-30T14:25:21","slug":"medecin","status":"publish","type":"product","link":"https:\/\/shop.clairdereve.com\/en\/boutique\/medecin\/","title":{"rendered":"M\u00e9decin"},"content":{"rendered":"<p><strong>M\u00e9decin devant les sympt\u00f4mes. S\u00e9rie limit\u00e9e.<\/strong><\/p>\n<p><em>23 cm<br \/>\n<\/em><\/p>\n<p>&nbsp;<\/p>\n<p>&nbsp;<\/p>\n","protected":false},"excerpt":{"rendered":"M\u00e9decin devant les sympt\u00f4mes. S\u00e9rie limit\u00e9e. 23 cm &nbsp; &nbsp;","protected":false},"featured_media":2605,"template":"","meta":[],"product_cat":[24],"product_tag":[],"_links":{"self":[{"href":"https:\/\/shop.clairdereve.com\/en\/wp-json\/wp\/v2\/product\/779"}],"collection":[{"href":"https:\/\/shop.clairdereve.com\/en\/wp-json\/wp\/v2\/product"}],"about":[{"href":"https:\/\/shop.clairdereve.com\/en\/wp-json\/wp\/v2\/types\/product"}],"version-history":[{"count":3,"href":"https:\/\/shop.clairdereve.com\/en\/wp-json\/wp\/v2\/product\/779\/revisions"}],"predecessor-version":[{"id":2608,"href":"https:\/\/shop.clairdereve.com\/en\/wp-json\/wp\/v2\/product\/779\/revisions\/2608"}],"wp:featuredmedia":[{"embeddable":true,"href":"https:\/\/shop.clairdereve.com\/en\/wp-json\/wp\/v2\/media\/2605"}],"wp:attachment":[{"href":"https:\/\/shop.clairdereve.com\/en\/wp-json\/wp\/v2\/media?parent=779"}],"wp:term":[{"taxonomy":"product_cat","embeddable":true,"href":"https:\/\/shop.clairdereve.com\/en\/wp-json\/wp\/v2\/product_cat?post=779"},{"taxonomy":"product_tag","embeddable":true,"href":"https:\/\/shop.clairdereve.com\/en\/wp-json\/wp\/v2\/product_tag?post=779"}],"curies":[{"name":"wp","href":"https:\/\/api.w.org\/{rel}","templated":true}]}}