{"id":770,"date":"2020-12-17T12:39:14","date_gmt":"2020-12-17T11:39:14","guid":{"rendered":"http:\/\/shop.clairdereve.com\/?post_type=product&#038;p=770"},"modified":"2025-08-02T16:19:28","modified_gmt":"2025-08-02T14:19:28","slug":"grande-avocate","status":"publish","type":"product","link":"https:\/\/shop.clairdereve.com\/en\/boutique\/grande-avocate\/","title":{"rendered":"Avocate"},"content":{"rendered":"<p><strong>Avocate en train de plaider. S\u00e9rie limit\u00e9e num\u00e9rot\u00e9e.<\/strong><\/p>\n<p><em>24 cm.<\/em><\/p>\n","protected":false},"excerpt":{"rendered":"2 tailles","protected":false},"featured_media":696,"template":"","meta":[],"product_cat":[24],"product_tag":[],"_links":{"self":[{"href":"https:\/\/shop.clairdereve.com\/en\/wp-json\/wp\/v2\/product\/770"}],"collection":[{"href":"https:\/\/shop.clairdereve.com\/en\/wp-json\/wp\/v2\/product"}],"about":[{"href":"https:\/\/shop.clairdereve.com\/en\/wp-json\/wp\/v2\/types\/product"}],"version-history":[{"count":6,"href":"https:\/\/shop.clairdereve.com\/en\/wp-json\/wp\/v2\/product\/770\/revisions"}],"predecessor-version":[{"id":2891,"href":"https:\/\/shop.clairdereve.com\/en\/wp-json\/wp\/v2\/product\/770\/revisions\/2891"}],"wp:featuredmedia":[{"embeddable":true,"href":"https:\/\/shop.clairdereve.com\/en\/wp-json\/wp\/v2\/media\/696"}],"wp:attachment":[{"href":"https:\/\/shop.clairdereve.com\/en\/wp-json\/wp\/v2\/media?parent=770"}],"wp:term":[{"taxonomy":"product_cat","embeddable":true,"href":"https:\/\/shop.clairdereve.com\/en\/wp-json\/wp\/v2\/product_cat?post=770"},{"taxonomy":"product_tag","embeddable":true,"href":"https:\/\/shop.clairdereve.com\/en\/wp-json\/wp\/v2\/product_tag?post=770"}],"curies":[{"name":"wp","href":"https:\/\/api.w.org\/{rel}","templated":true}]}}