{"id":670,"date":"2020-12-17T12:17:14","date_gmt":"2020-12-17T11:17:14","guid":{"rendered":"http:\/\/shop.clairdereve.com\/?post_type=product&#038;p=670"},"modified":"2024-09-15T12:38:15","modified_gmt":"2024-09-15T10:38:15","slug":"rolls","status":"publish","type":"product","link":"https:\/\/shop.clairdereve.com\/en\/boutique\/rolls\/","title":{"rendered":"Rolls"},"content":{"rendered":"<p><strong>Grand Patron au retour d\u2019une r\u00e9union fatigante. S\u00e9rie limit\u00e9e num\u00e9rot\u00e9e.<\/strong><\/p>\n<p><em>Long 44cm Haut 16cm Larg 18cm<\/em><\/p>\n","protected":false},"excerpt":{"rendered":"Grand Patron au retour d\u2019une r\u00e9union fatigante. S\u00e9rie limit\u00e9e num\u00e9rot\u00e9e. Long 44cm Haut 16cm Larg 18cm","protected":false},"featured_media":640,"template":"","meta":[],"product_cat":[25],"product_tag":[],"_links":{"self":[{"href":"https:\/\/shop.clairdereve.com\/en\/wp-json\/wp\/v2\/product\/670"}],"collection":[{"href":"https:\/\/shop.clairdereve.com\/en\/wp-json\/wp\/v2\/product"}],"about":[{"href":"https:\/\/shop.clairdereve.com\/en\/wp-json\/wp\/v2\/types\/product"}],"version-history":[{"count":1,"href":"https:\/\/shop.clairdereve.com\/en\/wp-json\/wp\/v2\/product\/670\/revisions"}],"predecessor-version":[{"id":671,"href":"https:\/\/shop.clairdereve.com\/en\/wp-json\/wp\/v2\/product\/670\/revisions\/671"}],"wp:featuredmedia":[{"embeddable":true,"href":"https:\/\/shop.clairdereve.com\/en\/wp-json\/wp\/v2\/media\/640"}],"wp:attachment":[{"href":"https:\/\/shop.clairdereve.com\/en\/wp-json\/wp\/v2\/media?parent=670"}],"wp:term":[{"taxonomy":"product_cat","embeddable":true,"href":"https:\/\/shop.clairdereve.com\/en\/wp-json\/wp\/v2\/product_cat?post=670"},{"taxonomy":"product_tag","embeddable":true,"href":"https:\/\/shop.clairdereve.com\/en\/wp-json\/wp\/v2\/product_tag?post=670"}],"curies":[{"name":"wp","href":"https:\/\/api.w.org\/{rel}","templated":true}]}}