{"id":663,"date":"2020-12-17T12:13:14","date_gmt":"2020-12-17T11:13:14","guid":{"rendered":"http:\/\/shop.clairdereve.com\/?post_type=product&#038;p=663"},"modified":"2025-09-23T11:04:59","modified_gmt":"2025-09-23T09:04:59","slug":"porsche","status":"publish","type":"product","link":"https:\/\/shop.clairdereve.com\/en\/boutique\/porsche\/","title":{"rendered":"Porsche"},"content":{"rendered":"<p><strong>Couple serr\u00e9 dans une porsche \u00e0 vendre. S\u00e9rie limit\u00e9e num\u00e9rot\u00e9e.<\/strong><\/p>\n<p><em>Long 26cm Haut 13cm Larg 13cm<\/em><\/p>\n<p>&nbsp;<\/p>\n","protected":false},"excerpt":{"rendered":"Couple serr\u00e9 dans une porsche \u00e0 vendre. S\u00e9rie limit\u00e9e num\u00e9rot\u00e9e. Long 26cm Haut 13cm Larg 13cm &nbsp;","protected":false},"featured_media":637,"template":"","meta":[],"product_cat":[25],"product_tag":[],"_links":{"self":[{"href":"https:\/\/shop.clairdereve.com\/en\/wp-json\/wp\/v2\/product\/663"}],"collection":[{"href":"https:\/\/shop.clairdereve.com\/en\/wp-json\/wp\/v2\/product"}],"about":[{"href":"https:\/\/shop.clairdereve.com\/en\/wp-json\/wp\/v2\/types\/product"}],"version-history":[{"count":3,"href":"https:\/\/shop.clairdereve.com\/en\/wp-json\/wp\/v2\/product\/663\/revisions"}],"predecessor-version":[{"id":2889,"href":"https:\/\/shop.clairdereve.com\/en\/wp-json\/wp\/v2\/product\/663\/revisions\/2889"}],"wp:featuredmedia":[{"embeddable":true,"href":"https:\/\/shop.clairdereve.com\/en\/wp-json\/wp\/v2\/media\/637"}],"wp:attachment":[{"href":"https:\/\/shop.clairdereve.com\/en\/wp-json\/wp\/v2\/media?parent=663"}],"wp:term":[{"taxonomy":"product_cat","embeddable":true,"href":"https:\/\/shop.clairdereve.com\/en\/wp-json\/wp\/v2\/product_cat?post=663"},{"taxonomy":"product_tag","embeddable":true,"href":"https:\/\/shop.clairdereve.com\/en\/wp-json\/wp\/v2\/product_tag?post=663"}],"curies":[{"name":"wp","href":"https:\/\/api.w.org\/{rel}","templated":true}]}}