{"id":650,"date":"2020-12-17T12:04:15","date_gmt":"2020-12-17T11:04:15","guid":{"rendered":"http:\/\/shop.clairdereve.com\/?post_type=product&#038;p=650"},"modified":"2025-09-23T11:05:05","modified_gmt":"2025-09-23T09:05:05","slug":"artiste_voiture","status":"publish","type":"product","link":"https:\/\/shop.clairdereve.com\/en\/boutique\/artiste_voiture\/","title":{"rendered":"Artistes voiture"},"content":{"rendered":"<p><strong>D\u00e9part d&#8217;artistes en deux chevaux. S\u00e9rie limit\u00e9e num\u00e9rot\u00e9e.<\/strong><\/p>\n<p><em>Long 40cm Haut 15cm Larg 17cm<\/em><\/p>\n<p>&nbsp;<\/p>\n","protected":false},"excerpt":{"rendered":"D\u00e9part d&#8217;artistes en deux chevaux. S\u00e9rie limit\u00e9e num\u00e9rot\u00e9e. Long 40cm Haut 15cm Larg 17cm &nbsp;","protected":false},"featured_media":627,"template":"","meta":[],"product_cat":[19,25],"product_tag":[],"_links":{"self":[{"href":"https:\/\/shop.clairdereve.com\/en\/wp-json\/wp\/v2\/product\/650"}],"collection":[{"href":"https:\/\/shop.clairdereve.com\/en\/wp-json\/wp\/v2\/product"}],"about":[{"href":"https:\/\/shop.clairdereve.com\/en\/wp-json\/wp\/v2\/types\/product"}],"version-history":[{"count":4,"href":"https:\/\/shop.clairdereve.com\/en\/wp-json\/wp\/v2\/product\/650\/revisions"}],"predecessor-version":[{"id":2866,"href":"https:\/\/shop.clairdereve.com\/en\/wp-json\/wp\/v2\/product\/650\/revisions\/2866"}],"wp:featuredmedia":[{"embeddable":true,"href":"https:\/\/shop.clairdereve.com\/en\/wp-json\/wp\/v2\/media\/627"}],"wp:attachment":[{"href":"https:\/\/shop.clairdereve.com\/en\/wp-json\/wp\/v2\/media?parent=650"}],"wp:term":[{"taxonomy":"product_cat","embeddable":true,"href":"https:\/\/shop.clairdereve.com\/en\/wp-json\/wp\/v2\/product_cat?post=650"},{"taxonomy":"product_tag","embeddable":true,"href":"https:\/\/shop.clairdereve.com\/en\/wp-json\/wp\/v2\/product_tag?post=650"}],"curies":[{"name":"wp","href":"https:\/\/api.w.org\/{rel}","templated":true}]}}