{"id":576,"date":"2020-12-17T10:28:27","date_gmt":"2020-12-17T09:28:27","guid":{"rendered":"http:\/\/shop.clairdereve.com\/?post_type=product&#038;p=576"},"modified":"2021-07-31T19:43:56","modified_gmt":"2021-07-31T17:43:56","slug":"quai-de-seine","status":"publish","type":"product","link":"https:\/\/shop.clairdereve.com\/en\/boutique\/quai-de-seine\/","title":{"rendered":"Quai de Seine"},"content":{"rendered":"<p><strong>Pi\u00e8ce exceptionnelle. Une sc\u00e8ne en bord de Seine au d\u00e9but du si\u00e8cle dernier. Un bouquiniste, un joueur d\u2019orgue de barbarie et d\u2019un vendeur de journaux \u00e0 la cri\u00e9e.<\/strong><\/p>\n<p>&nbsp;<\/p>\n<p><em><span class=\" author-d-1gg9uz65z1iz85zgdz68zmqkz84zo2qovuwkz72zntz80zz82z2z87zz73zz69zahz66zuz90zmgz122zz88zkafgv59z66zz77z1\"><b>Largeur \u00d7 profondeur \u00d7 hauteur<\/b><\/span><\/em><\/p>\n<p><em>41cm \u00d7 31cm \u00d7 39cm<\/em><\/p>\n<p><em>3 personnages<\/em><\/p>\n<p>&nbsp;<\/p>\n<p><strong>Flots de Danube <\/strong>de<strong> Joseph IVANOVICI<\/strong><br \/>\nCr\u00e9\u00e9 par Camus<\/p>\n","protected":false},"excerpt":{"rendered":"<em>41cm \u00d7 31cm \u00d7 39cm<\/em> \u2726 3 pers.","protected":false},"featured_media":591,"template":"","meta":[],"product_cat":[18],"product_tag":[],"_links":{"self":[{"href":"https:\/\/shop.clairdereve.com\/en\/wp-json\/wp\/v2\/product\/576"}],"collection":[{"href":"https:\/\/shop.clairdereve.com\/en\/wp-json\/wp\/v2\/product"}],"about":[{"href":"https:\/\/shop.clairdereve.com\/en\/wp-json\/wp\/v2\/types\/product"}],"version-history":[{"count":6,"href":"https:\/\/shop.clairdereve.com\/en\/wp-json\/wp\/v2\/product\/576\/revisions"}],"predecessor-version":[{"id":2975,"href":"https:\/\/shop.clairdereve.com\/en\/wp-json\/wp\/v2\/product\/576\/revisions\/2975"}],"wp:featuredmedia":[{"embeddable":true,"href":"https:\/\/shop.clairdereve.com\/en\/wp-json\/wp\/v2\/media\/591"}],"wp:attachment":[{"href":"https:\/\/shop.clairdereve.com\/en\/wp-json\/wp\/v2\/media?parent=576"}],"wp:term":[{"taxonomy":"product_cat","embeddable":true,"href":"https:\/\/shop.clairdereve.com\/en\/wp-json\/wp\/v2\/product_cat?post=576"},{"taxonomy":"product_tag","embeddable":true,"href":"https:\/\/shop.clairdereve.com\/en\/wp-json\/wp\/v2\/product_tag?post=576"}],"curies":[{"name":"wp","href":"https:\/\/api.w.org\/{rel}","templated":true}]}}