{"id":471,"date":"2020-12-17T08:52:38","date_gmt":"2020-12-17T07:52:38","guid":{"rendered":"http:\/\/shop.clairdereve.com\/?post_type=product&#038;p=471"},"modified":"2024-05-03T15:21:31","modified_gmt":"2024-05-03T13:21:31","slug":"grande-rose","status":"publish","type":"product","link":"https:\/\/shop.clairdereve.com\/en\/boutique\/grande-rose\/","title":{"rendered":"Grande Rose"},"content":{"rendered":"<p><strong>Fille aux yeux tr\u00e8s bleus et aux petites bottes roses<\/strong><br \/>\n<em>Marionnette artisanale en papier m\u00e2ch\u00e9 et pl\u00e2tre.<\/em><\/p>\n","protected":false},"excerpt":{"rendered":"60cm \u2726 Papier m\u00e2ch\u00e9 &amp; pl\u00e2tre","protected":false},"featured_media":472,"template":"","meta":[],"product_cat":[28],"product_tag":[],"_links":{"self":[{"href":"https:\/\/shop.clairdereve.com\/en\/wp-json\/wp\/v2\/product\/471"}],"collection":[{"href":"https:\/\/shop.clairdereve.com\/en\/wp-json\/wp\/v2\/product"}],"about":[{"href":"https:\/\/shop.clairdereve.com\/en\/wp-json\/wp\/v2\/types\/product"}],"version-history":[{"count":2,"href":"https:\/\/shop.clairdereve.com\/en\/wp-json\/wp\/v2\/product\/471\/revisions"}],"predecessor-version":[{"id":2654,"href":"https:\/\/shop.clairdereve.com\/en\/wp-json\/wp\/v2\/product\/471\/revisions\/2654"}],"wp:featuredmedia":[{"embeddable":true,"href":"https:\/\/shop.clairdereve.com\/en\/wp-json\/wp\/v2\/media\/472"}],"wp:attachment":[{"href":"https:\/\/shop.clairdereve.com\/en\/wp-json\/wp\/v2\/media?parent=471"}],"wp:term":[{"taxonomy":"product_cat","embeddable":true,"href":"https:\/\/shop.clairdereve.com\/en\/wp-json\/wp\/v2\/product_cat?post=471"},{"taxonomy":"product_tag","embeddable":true,"href":"https:\/\/shop.clairdereve.com\/en\/wp-json\/wp\/v2\/product_tag?post=471"}],"curies":[{"name":"wp","href":"https:\/\/api.w.org\/{rel}","templated":true}]}}