{"id":2901,"date":"2025-07-22T11:30:14","date_gmt":"2025-07-22T09:30:14","guid":{"rendered":"https:\/\/shop.clairdereve.com\/?post_type=product&#038;p=2901"},"modified":"2025-11-15T00:50:50","modified_gmt":"2025-11-14T23:50:50","slug":"big-boss","status":"publish","type":"product","link":"https:\/\/shop.clairdereve.com\/en\/boutique\/big-boss\/","title":{"rendered":"Big Boss"},"content":{"rendered":"<p><strong>Big Boss dans son fauteuil. S\u00e9rie limit\u00e9e num\u00e9rot\u00e9e.<\/strong><\/p>\n<p>14cm<\/p>\n","protected":false},"excerpt":{"rendered":"2 tailles","protected":false},"featured_media":2904,"template":"","meta":[],"product_cat":[24],"product_tag":[],"_links":{"self":[{"href":"https:\/\/shop.clairdereve.com\/en\/wp-json\/wp\/v2\/product\/2901"}],"collection":[{"href":"https:\/\/shop.clairdereve.com\/en\/wp-json\/wp\/v2\/product"}],"about":[{"href":"https:\/\/shop.clairdereve.com\/en\/wp-json\/wp\/v2\/types\/product"}],"version-history":[{"count":1,"href":"https:\/\/shop.clairdereve.com\/en\/wp-json\/wp\/v2\/product\/2901\/revisions"}],"predecessor-version":[{"id":2908,"href":"https:\/\/shop.clairdereve.com\/en\/wp-json\/wp\/v2\/product\/2901\/revisions\/2908"}],"wp:featuredmedia":[{"embeddable":true,"href":"https:\/\/shop.clairdereve.com\/en\/wp-json\/wp\/v2\/media\/2904"}],"wp:attachment":[{"href":"https:\/\/shop.clairdereve.com\/en\/wp-json\/wp\/v2\/media?parent=2901"}],"wp:term":[{"taxonomy":"product_cat","embeddable":true,"href":"https:\/\/shop.clairdereve.com\/en\/wp-json\/wp\/v2\/product_cat?post=2901"},{"taxonomy":"product_tag","embeddable":true,"href":"https:\/\/shop.clairdereve.com\/en\/wp-json\/wp\/v2\/product_tag?post=2901"}],"curies":[{"name":"wp","href":"https:\/\/api.w.org\/{rel}","templated":true}]}}