{"id":2892,"date":"2025-07-22T11:26:28","date_gmt":"2025-07-22T09:26:28","guid":{"rendered":"https:\/\/shop.clairdereve.com\/?post_type=product&#038;p=2892"},"modified":"2026-02-21T12:40:59","modified_gmt":"2026-02-21T11:40:59","slug":"sommelier","status":"publish","type":"product","link":"https:\/\/shop.clairdereve.com\/en\/boutique\/sommelier\/","title":{"rendered":"Sommelier"},"content":{"rendered":"<p><strong>Sommelier. S\u00e9rie limit\u00e9e num\u00e9rot\u00e9e.<\/strong><\/p>\n<p><em>24 cm<\/em><\/p>\n","protected":false},"excerpt":{"rendered":"2 tailles","protected":false},"featured_media":2894,"template":"","meta":[],"product_cat":[24],"product_tag":[],"_links":{"self":[{"href":"https:\/\/shop.clairdereve.com\/en\/wp-json\/wp\/v2\/product\/2892"}],"collection":[{"href":"https:\/\/shop.clairdereve.com\/en\/wp-json\/wp\/v2\/product"}],"about":[{"href":"https:\/\/shop.clairdereve.com\/en\/wp-json\/wp\/v2\/types\/product"}],"version-history":[{"count":1,"href":"https:\/\/shop.clairdereve.com\/en\/wp-json\/wp\/v2\/product\/2892\/revisions"}],"predecessor-version":[{"id":2900,"href":"https:\/\/shop.clairdereve.com\/en\/wp-json\/wp\/v2\/product\/2892\/revisions\/2900"}],"wp:featuredmedia":[{"embeddable":true,"href":"https:\/\/shop.clairdereve.com\/en\/wp-json\/wp\/v2\/media\/2894"}],"wp:attachment":[{"href":"https:\/\/shop.clairdereve.com\/en\/wp-json\/wp\/v2\/media?parent=2892"}],"wp:term":[{"taxonomy":"product_cat","embeddable":true,"href":"https:\/\/shop.clairdereve.com\/en\/wp-json\/wp\/v2\/product_cat?post=2892"},{"taxonomy":"product_tag","embeddable":true,"href":"https:\/\/shop.clairdereve.com\/en\/wp-json\/wp\/v2\/product_tag?post=2892"}],"curies":[{"name":"wp","href":"https:\/\/api.w.org\/{rel}","templated":true}]}}