{"id":2335,"date":"2022-12-10T16:16:50","date_gmt":"2022-12-10T15:16:50","guid":{"rendered":"https:\/\/shop.clairdereve.com\/?post_type=product&#038;p=2335"},"modified":"2024-07-16T11:41:19","modified_gmt":"2024-07-16T09:41:19","slug":"automate-marionnettiste","status":"publish","type":"product","link":"https:\/\/shop.clairdereve.com\/en\/boutique\/automate-marionnettiste\/","title":{"rendered":"Automate Marionnettiste"},"content":{"rendered":"<p><strong>Pi\u00e8ce exceptionnelle.<\/strong><\/p>\n<p>&nbsp;<\/p>\n<p><em><span class=\" author-d-1gg9uz65z1iz85zgdz68zmqkz84zo2qovuwkz72zntz80zz82z2z87zz73zz69zahz66zuz90zmgz122zz88zkafgv59z66zz77z1\"><b>Largeur \u00d7 profondeur \u00d7 hauteur<\/b><\/span><\/em><\/p>\n<p><em>30cm \u00d7 30cm \u00d7 45cm<\/em><\/p>\n","protected":false},"excerpt":{"rendered":"Pi\u00e8ce exceptionnelle. &nbsp; Largeur \u00d7 profondeur \u00d7 hauteur 30cm \u00d7 30cm \u00d7 45cm","protected":false},"featured_media":2588,"template":"","meta":[],"product_cat":[18],"product_tag":[66,81,65,80],"_links":{"self":[{"href":"https:\/\/shop.clairdereve.com\/en\/wp-json\/wp\/v2\/product\/2335"}],"collection":[{"href":"https:\/\/shop.clairdereve.com\/en\/wp-json\/wp\/v2\/product"}],"about":[{"href":"https:\/\/shop.clairdereve.com\/en\/wp-json\/wp\/v2\/types\/product"}],"version-history":[{"count":3,"href":"https:\/\/shop.clairdereve.com\/en\/wp-json\/wp\/v2\/product\/2335\/revisions"}],"predecessor-version":[{"id":2348,"href":"https:\/\/shop.clairdereve.com\/en\/wp-json\/wp\/v2\/product\/2335\/revisions\/2348"}],"wp:featuredmedia":[{"embeddable":true,"href":"https:\/\/shop.clairdereve.com\/en\/wp-json\/wp\/v2\/media\/2588"}],"wp:attachment":[{"href":"https:\/\/shop.clairdereve.com\/en\/wp-json\/wp\/v2\/media?parent=2335"}],"wp:term":[{"taxonomy":"product_cat","embeddable":true,"href":"https:\/\/shop.clairdereve.com\/en\/wp-json\/wp\/v2\/product_cat?post=2335"},{"taxonomy":"product_tag","embeddable":true,"href":"https:\/\/shop.clairdereve.com\/en\/wp-json\/wp\/v2\/product_tag?post=2335"}],"curies":[{"name":"wp","href":"https:\/\/api.w.org\/{rel}","templated":true}]}}